{"id":2395,"date":"2025-10-16T12:33:25","date_gmt":"2025-10-16T10:33:25","guid":{"rendered":"https:\/\/www.idmidcaps.com\/corporate\/?page_id=2395"},"modified":"2026-01-08T16:59:05","modified_gmt":"2026-01-08T15:59:05","slug":"mentions-legales","status":"publish","type":"page","link":"https:\/\/www.idmidcaps.com\/corporate\/mentions-legales\/","title":{"rendered":"Mentions L\u00e9gales"},"content":{"rendered":"\t\t<div data-elementor-type=\"wp-page\" data-elementor-id=\"2395\" class=\"elementor elementor-2395\">\n\t\t\t\t<div class=\"elementor-element elementor-element-8d7555b thegem-e-con-layout-thegem e-flex e-con-boxed e-con e-parent\" data-id=\"8d7555b\" data-element_type=\"container\" data-settings=\"{&quot;thegem_container_layout&quot;:&quot;thegem&quot;}\">\r\n\t\t\t\t\t<div class=\"e-con-inner\">\r\n\t\t\t\t<div class=\"elementor-element elementor-element-6cc4131 flex-horizontal-align-default flex-horizontal-align-tablet-default flex-horizontal-align-mobile-default flex-vertical-align-default flex-vertical-align-tablet-default flex-vertical-align-mobile-default elementor-widget elementor-widget-heading\" data-id=\"6cc4131\" data-element_type=\"widget\" data-widget_type=\"heading.default\">\n\t\t\t\t<div class=\"elementor-widget-container\">\n\t\t\t<style>\/*! elementor - v3.23.0 - 05-08-2024 *\/\n.elementor-heading-title{padding:0;margin:0;line-height:1}.elementor-widget-heading .elementor-heading-title[class*=elementor-size-]>a{color:inherit;font-size:inherit;line-height:inherit}.elementor-widget-heading .elementor-heading-title.elementor-size-small{font-size:15px}.elementor-widget-heading .elementor-heading-title.elementor-size-medium{font-size:19px}.elementor-widget-heading .elementor-heading-title.elementor-size-large{font-size:29px}.elementor-widget-heading .elementor-heading-title.elementor-size-xl{font-size:39px}.elementor-widget-heading .elementor-heading-title.elementor-size-xxl{font-size:59px}<\/style><h1 class=\"elementor-heading-title elementor-size-default\">Mentions l\u00e9gales<\/h1>\t\t<\/div>\n\t\t\t\t<\/div>\n\t\t\t\t\t<\/div>\n\t\t\t\t<\/div>\n\t\t<div class=\"elementor-element elementor-element-b6459e4 thegem-e-con-layout-thegem e-flex e-con-boxed e-con e-parent\" data-id=\"b6459e4\" data-element_type=\"container\" data-settings=\"{&quot;thegem_container_layout&quot;:&quot;thegem&quot;}\">\r\n\t\t\t\t\t<div class=\"e-con-inner\">\r\n\t\t\t\t<div class=\"elementor-element elementor-element-d905696 flex-horizontal-align-default flex-horizontal-align-tablet-default flex-horizontal-align-mobile-default flex-vertical-align-default flex-vertical-align-tablet-default flex-vertical-align-mobile-default elementor-widget elementor-widget-text-editor\" data-id=\"d905696\" data-element_type=\"widget\" data-widget_type=\"text-editor.default\">\n\t\t\t\t<div class=\"elementor-widget-container\">\n\t\t\t<style>\/*! elementor - v3.23.0 - 05-08-2024 *\/\n.elementor-widget-text-editor.elementor-drop-cap-view-stacked .elementor-drop-cap{background-color:#69727d;color:#fff}.elementor-widget-text-editor.elementor-drop-cap-view-framed .elementor-drop-cap{color:#69727d;border:3px solid;background-color:transparent}.elementor-widget-text-editor:not(.elementor-drop-cap-view-default) .elementor-drop-cap{margin-top:8px}.elementor-widget-text-editor:not(.elementor-drop-cap-view-default) .elementor-drop-cap-letter{width:1em;height:1em}.elementor-widget-text-editor .elementor-drop-cap{float:left;text-align:center;line-height:1;font-size:50px}.elementor-widget-text-editor .elementor-drop-cap-letter{display:inline-block}<\/style>\t\t\t\t\t\t\t<div class=\"elementor-text-editor elementor-clearfix\">\r\n\t\t\t\t\t\t<h3><strong>L&rsquo;entreprise<\/strong><\/h3><ul><li>D\u00e9nomination sociale\u00a0: France Actionnaire, SAS au capital de 71\u00a0300 \u20ac<\/li><li>Nom commercial\u00a0: IDMidCaps repr\u00e9sent\u00e9 par M Denis Scherrer (Pr\u00e9sident)<\/li><li>Num\u00e9ro unique d&rsquo;identification (SIREN)\u00a0: 431\u00a0974 831<\/li><li>RCS Paris<\/li><li>Code NAF\u00a0: 7022Z<\/li><li>Statut de Conseiller en Investissements Financiers (CIF)<\/li><li>France Actionnaire \u00e0 un caract\u00e8re ind\u00e9pendant au sens de l\u2019article 325-5 du RG AMF<\/li><li>Membre de l\u2019ANACOFI-CIF sous le num\u00e9ro E002570<\/li><li>Immatriculation \u00e0 l\u2019ORIAS sous le num\u00e9ro 13000278<\/li><\/ul><h3><strong>Si\u00e8ge social et adresse postale<\/strong><\/h3><p>83 boulevard Malesherbes, 75008 Paris<br \/>T\u00e9l\u00e9phone : +33 (0)1 80 48 80 39<br \/>Email : <a href=\"mailto:contact@idmidcaps.com\">contact@idmidcaps.com<\/a><\/p><h3><strong>Informations l\u00e9gales dans le cadre du statut CIF et politique de protection des donn\u00e9es personnelles\u00a0:<\/strong><\/h3><p>Vous pouvez consultez notre Fiche d\u2019Information L\u00e9gale en <a href=\"https:\/\/www.idmidcaps.com\/corporate\/wp-content\/uploads\/2025\/10\/IDM-FicheInformationLegale-2025-VF.pdf\">cliquant ici<\/a><br \/>Vous pouvez consulter notre proc\u00e9dure RGPD traitement des donn\u00e9es personnelles en\u00a0<a href=\"https:\/\/www.idmidcaps.com\/corporate\/wp-content\/uploads\/2018\/11\/TraitementDonneesPersonnelles15112018.pdf\">cliquant ici<\/a><\/p><h3><strong>Avertissement<\/strong><\/h3><p>Le pr\u00e9sent site est r\u00e9gi par le droit fran\u00e7ais et est soumis \u00e0 la comp\u00e9tence des juridictions fran\u00e7aises. Il est destin\u00e9 \u00e0 pr\u00e9senter l\u2019activit\u00e9 de recherche et de conseil de France Actionnaire et les caract\u00e9ristiques des produits et services que la soci\u00e9t\u00e9 propose.<br \/>Les informations diffus\u00e9es sur ce site ont un objectif d\u2019information et ne constituent pas un conseil en investissement, ni une sollicitation \u00e0 la souscription du ou des titres cit\u00e9s, ni un engagement contractuel ou pr\u00e9-contractuel de France Actionnaire.<br \/>Ce site n\u2019a pas pour but de fournir et ne doit pas servir \u00e0 fournir des conseils d\u2019ordre comptable, juridique ou fiscal ou des recommandations d\u2019investissement.<br \/>France Actionnaire peut le modifier \u00e0 tout instant sans pr\u00e9avis. Les informations ou analyses contenues dans les documents, notamment les informations chiffr\u00e9es, sont issues en partie de sources externes consid\u00e9r\u00e9es comme dignes de foi.<br \/>Les chiffres cit\u00e9s ont trait aux ann\u00e9es \u00e9coul\u00e9es et que les performances pass\u00e9es ne sont pas un indicateur fiable des performances futures.<\/p><h3><strong>Loi informatique et libert\u00e9 du 6 janvier 1978<\/strong><\/h3><p>En application des dispositions de la loi 78-17 du 06\/01\/1978 modifi\u00e9e relative \u00e0 l\u2019informatique, aux fichiers et aux libert\u00e9s, les donn\u00e9es individuelles recueillies s\u2019accompagnent d\u2019un droit d\u2019acc\u00e8s et de rectification accessible aupr\u00e8s de France Actionnaire par courrier, adress\u00e9 au si\u00e8ge social ou par email : <a href=\"mailto:dsi@idmidcaps.com\">dsi@idmidcaps.com<\/a><\/p><h3><strong>Propri\u00e9t\u00e9 intellectuelle<\/strong><\/h3><p>L\u2019int\u00e9gralit\u00e9 de ce site est prot\u00e9g\u00e9e par les l\u00e9gislations fran\u00e7aises et internationales relatives \u00e0 la propri\u00e9t\u00e9 intellectuelle. Tous les droits de repr\u00e9sentation et de reproduction sont r\u00e9serv\u00e9s. Conform\u00e9ment aux dispositions du code de la propri\u00e9t\u00e9 intellectuelle, l\u2019ensemble des textes et images composant ce site ne peut faire l\u2019objet d\u2019une quelconque repr\u00e9sentation ou reproduction, int\u00e9grale ou partielle, sur quelque support que ce soit, sans l\u2019autorisation expresse et pr\u00e9alable de France Actionnaire.<br \/>De m\u00eame, les marques, noms commerciaux et logos figurant sur ce site sont prot\u00e9g\u00e9s. Leur reproduction totale ou partielle sans l\u2019autorisation expresse et pr\u00e9alable de France Actionnaire est interdite.<\/p><h3><strong>H\u00e9bergement et cr\u00e9dits<\/strong><\/h3><p>Directeur de la publication : Denis SCHERRER<br \/>La soci\u00e9t\u00e9 h\u00e9bergeant ce site est OVH (www.ovh.com) \u2013 2 rue Kellermann 59 100 Roubaix \u2013 T\u00e9l\u00e9phone : 0820 698 765<\/p>\t\t\t\t\t\t\t<\/div>\r\n\t\t\t\t\t\t\t\t<\/div>\n\t\t\t\t<\/div>\n\t\t\t\t\t<\/div>\n\t\t\t\t<\/div>\n\t\t<div class=\"elementor-element elementor-element-359cb6f thegem-e-con-layout-thegem e-flex e-con-boxed e-con e-parent\" data-id=\"359cb6f\" data-element_type=\"container\" data-settings=\"{&quot;thegem_container_layout&quot;:&quot;thegem&quot;}\">\r\n\t\t\t\t\t<div class=\"e-con-inner\">\r\n\t\t\t\t<div class=\"elementor-element elementor-element-7b408ef flex-horizontal-align-default flex-horizontal-align-tablet-default flex-horizontal-align-mobile-default flex-vertical-align-default flex-vertical-align-tablet-default flex-vertical-align-mobile-default elementor-widget elementor-widget-spacer\" data-id=\"7b408ef\" data-element_type=\"widget\" data-widget_type=\"spacer.default\">\n\t\t\t\t<div class=\"elementor-widget-container\">\n\t\t\t<style>\/*! elementor - v3.23.0 - 05-08-2024 *\/\n.elementor-column .elementor-spacer-inner{height:var(--spacer-size)}.e-con{--container-widget-width:100%}.e-con-inner>.elementor-widget-spacer,.e-con>.elementor-widget-spacer{width:var(--container-widget-width,var(--spacer-size));--align-self:var(--container-widget-align-self,initial);--flex-shrink:0}.e-con-inner>.elementor-widget-spacer>.elementor-widget-container,.e-con>.elementor-widget-spacer>.elementor-widget-container{height:100%;width:100%}.e-con-inner>.elementor-widget-spacer>.elementor-widget-container>.elementor-spacer,.e-con>.elementor-widget-spacer>.elementor-widget-container>.elementor-spacer{height:100%}.e-con-inner>.elementor-widget-spacer>.elementor-widget-container>.elementor-spacer>.elementor-spacer-inner,.e-con>.elementor-widget-spacer>.elementor-widget-container>.elementor-spacer>.elementor-spacer-inner{height:var(--container-widget-height,var(--spacer-size))}.e-con-inner>.elementor-widget-spacer.elementor-widget-empty,.e-con>.elementor-widget-spacer.elementor-widget-empty{position:relative;min-height:22px;min-width:22px}.e-con-inner>.elementor-widget-spacer.elementor-widget-empty .elementor-widget-empty-icon,.e-con>.elementor-widget-spacer.elementor-widget-empty .elementor-widget-empty-icon{position:absolute;top:0;bottom:0;left:0;right:0;margin:auto;padding:0;width:22px;height:22px}<\/style>\t\t<div class=\"elementor-spacer\">\n\t\t\t<div class=\"elementor-spacer-inner\"><\/div>\n\t\t<\/div>\n\t\t\t\t<\/div>\n\t\t\t\t<\/div>\n\t\t\t\t\t<\/div>\n\t\t\t\t<\/div>\n\t\t\t\t<\/div>\n\t\t","protected":false},"excerpt":{"rendered":"<p>Mentions l\u00e9gales L&rsquo;entreprise D\u00e9nomination sociale\u00a0: France Actionnaire, SAS au capital de 71\u00a0300 \u20ac Nom commercial\u00a0: IDMidCaps repr\u00e9sent\u00e9 par M Denis&#8230;<\/p>\n","protected":false},"author":1,"featured_media":0,"parent":0,"menu_order":0,"comment_status":"closed","ping_status":"closed","template":"page-fullwidth.php","meta":{"footnotes":""},"class_list":["post-2395","page","type-page","status-publish"],"_links":{"self":[{"href":"https:\/\/www.idmidcaps.com\/corporate\/wp-json\/wp\/v2\/pages\/2395","targetHints":{"allow":["GET"]}}],"collection":[{"href":"https:\/\/www.idmidcaps.com\/corporate\/wp-json\/wp\/v2\/pages"}],"about":[{"href":"https:\/\/www.idmidcaps.com\/corporate\/wp-json\/wp\/v2\/types\/page"}],"author":[{"embeddable":true,"href":"https:\/\/www.idmidcaps.com\/corporate\/wp-json\/wp\/v2\/users\/1"}],"replies":[{"embeddable":true,"href":"https:\/\/www.idmidcaps.com\/corporate\/wp-json\/wp\/v2\/comments?post=2395"}],"version-history":[{"count":16,"href":"https:\/\/www.idmidcaps.com\/corporate\/wp-json\/wp\/v2\/pages\/2395\/revisions"}],"predecessor-version":[{"id":31512,"href":"https:\/\/www.idmidcaps.com\/corporate\/wp-json\/wp\/v2\/pages\/2395\/revisions\/31512"}],"wp:attachment":[{"href":"https:\/\/www.idmidcaps.com\/corporate\/wp-json\/wp\/v2\/media?parent=2395"}],"curies":[{"name":"wp","href":"https:\/\/api.w.org\/{rel}","templated":true}]}}