{"id":3,"date":"2024-08-22T14:41:21","date_gmt":"2024-08-22T12:41:21","guid":{"rendered":"https:\/\/www.idmidcaps.com\/corporate\/?page_id=3"},"modified":"2026-01-08T16:58:19","modified_gmt":"2026-01-08T15:58:19","slug":"politique-de-confidentialite","status":"publish","type":"page","link":"https:\/\/www.idmidcaps.com\/corporate\/politique-de-confidentialite\/","title":{"rendered":"Politique de confidentialit\u00e9"},"content":{"rendered":"\t\t<div data-elementor-type=\"wp-page\" data-elementor-id=\"3\" class=\"elementor elementor-3\">\n\t\t\t\t<div class=\"elementor-element elementor-element-1431cc5e thegem-e-con-layout-thegem e-flex e-con-boxed e-con e-parent\" data-id=\"1431cc5e\" data-element_type=\"container\" data-settings=\"{&quot;thegem_container_layout&quot;:&quot;thegem&quot;}\">\r\n\t\t\t\t\t<div class=\"e-con-inner\">\r\n\t\t\t\t<div class=\"elementor-element elementor-element-56133ae flex-horizontal-align-default flex-horizontal-align-tablet-default flex-horizontal-align-mobile-default flex-vertical-align-default flex-vertical-align-tablet-default flex-vertical-align-mobile-default elementor-widget elementor-widget-heading\" data-id=\"56133ae\" data-element_type=\"widget\" data-widget_type=\"heading.default\">\n\t\t\t\t<div class=\"elementor-widget-container\">\n\t\t\t<style>\/*! elementor - v3.23.0 - 05-08-2024 *\/\n.elementor-heading-title{padding:0;margin:0;line-height:1}.elementor-widget-heading .elementor-heading-title[class*=elementor-size-]>a{color:inherit;font-size:inherit;line-height:inherit}.elementor-widget-heading .elementor-heading-title.elementor-size-small{font-size:15px}.elementor-widget-heading .elementor-heading-title.elementor-size-medium{font-size:19px}.elementor-widget-heading .elementor-heading-title.elementor-size-large{font-size:29px}.elementor-widget-heading .elementor-heading-title.elementor-size-xl{font-size:39px}.elementor-widget-heading .elementor-heading-title.elementor-size-xxl{font-size:59px}<\/style><h1 class=\"elementor-heading-title elementor-size-default\">Notre politique de confidentialit\u00e9<\/h1>\t\t<\/div>\n\t\t\t\t<\/div>\n\t\t\t\t<div class=\"elementor-element elementor-element-b5fa302 flex-horizontal-align-default flex-horizontal-align-tablet-default flex-horizontal-align-mobile-default flex-vertical-align-default flex-vertical-align-tablet-default flex-vertical-align-mobile-default elementor-widget elementor-widget-spacer\" data-id=\"b5fa302\" data-element_type=\"widget\" data-widget_type=\"spacer.default\">\n\t\t\t\t<div class=\"elementor-widget-container\">\n\t\t\t<style>\/*! elementor - v3.23.0 - 05-08-2024 *\/\n.elementor-column .elementor-spacer-inner{height:var(--spacer-size)}.e-con{--container-widget-width:100%}.e-con-inner>.elementor-widget-spacer,.e-con>.elementor-widget-spacer{width:var(--container-widget-width,var(--spacer-size));--align-self:var(--container-widget-align-self,initial);--flex-shrink:0}.e-con-inner>.elementor-widget-spacer>.elementor-widget-container,.e-con>.elementor-widget-spacer>.elementor-widget-container{height:100%;width:100%}.e-con-inner>.elementor-widget-spacer>.elementor-widget-container>.elementor-spacer,.e-con>.elementor-widget-spacer>.elementor-widget-container>.elementor-spacer{height:100%}.e-con-inner>.elementor-widget-spacer>.elementor-widget-container>.elementor-spacer>.elementor-spacer-inner,.e-con>.elementor-widget-spacer>.elementor-widget-container>.elementor-spacer>.elementor-spacer-inner{height:var(--container-widget-height,var(--spacer-size))}.e-con-inner>.elementor-widget-spacer.elementor-widget-empty,.e-con>.elementor-widget-spacer.elementor-widget-empty{position:relative;min-height:22px;min-width:22px}.e-con-inner>.elementor-widget-spacer.elementor-widget-empty .elementor-widget-empty-icon,.e-con>.elementor-widget-spacer.elementor-widget-empty .elementor-widget-empty-icon{position:absolute;top:0;bottom:0;left:0;right:0;margin:auto;padding:0;width:22px;height:22px}<\/style>\t\t<div class=\"elementor-spacer\">\n\t\t\t<div class=\"elementor-spacer-inner\"><\/div>\n\t\t<\/div>\n\t\t\t\t<\/div>\n\t\t\t\t<\/div>\n\t\t\t\t<div class=\"elementor-element elementor-element-668e6325 flex-horizontal-align-default flex-horizontal-align-tablet-default flex-horizontal-align-mobile-default flex-vertical-align-default flex-vertical-align-tablet-default flex-vertical-align-mobile-default elementor-widget elementor-widget-text-editor\" data-id=\"668e6325\" data-element_type=\"widget\" data-widget_type=\"text-editor.default\">\n\t\t\t\t<div class=\"elementor-widget-container\">\n\t\t\t<style>\/*! elementor - v3.23.0 - 05-08-2024 *\/\n.elementor-widget-text-editor.elementor-drop-cap-view-stacked .elementor-drop-cap{background-color:#69727d;color:#fff}.elementor-widget-text-editor.elementor-drop-cap-view-framed .elementor-drop-cap{color:#69727d;border:3px solid;background-color:transparent}.elementor-widget-text-editor:not(.elementor-drop-cap-view-default) .elementor-drop-cap{margin-top:8px}.elementor-widget-text-editor:not(.elementor-drop-cap-view-default) .elementor-drop-cap-letter{width:1em;height:1em}.elementor-widget-text-editor .elementor-drop-cap{float:left;text-align:center;line-height:1;font-size:50px}.elementor-widget-text-editor .elementor-drop-cap-letter{display:inline-block}<\/style>\t\t\t\t\t\t\t<div class=\"elementor-text-editor elementor-clearfix\">\r\n\t\t\t\t\t\t<h2><span style=\"color: #67db96;\"><strong>Responsable du traitement<\/strong><\/span><\/h2>\n<p><span style=\"color: #5f727f; font-family: 'Source Sans Pro'; font-size: 16px; font-weight: normal;\">France ACTIONNAIRE est responsable du traitement des donn\u00e9es personnelles des utilisateurs et clients du site idmidcaps.com.\u00a0<\/span><\/p>\n<div id=\"element25755123\" class=\" box-masonry\" data-id=\"25755123\">\n<div class=\"maincontainer txt \">\n<div class=\"content\">\n<div class=\"texte\">\n<p>En cons\u00e9quence,\u00a0France ACTIONNAIRE d\u00e9termine les finalit\u00e9s, les moyens et la dur\u00e9e de conservation des traitements de donn\u00e9es personnelles, en conformit\u00e9 avec le RGPD.<\/p>\n<p>Pour toute question ou exercice de vos droits \u00ab\u00a0Informatique et Libert\u00e9s\u00a0\u00bb sur les traitements de vos donn\u00e9es personnelles par FRANCE ACTIONNAIRE vous pouvez nous \u00e9crire \u00e0\u00a0:<\/p>\n<ul>\n<li><strong>Par mail \u00e0 l&rsquo;adresse suivante<\/strong>\u00a0:\u00a0<a href=\"mailto:contact@idmidcaps.com\">contact@idmidcaps.com<\/a><\/li>\n<li><strong>Par courrier sign\u00e9 \u00e0 l&rsquo;adresse suivante :<\/strong><\/li>\n<\/ul>\n<p>France Actionnaire<br \/>83, boulevard Malesherbes<br \/>75008 PARIS<\/p>\n<p>SIRET :\u00a043197483100056<\/p>\n<p>Un justificatif d\u2019identit\u00e9 pourra vous \u00eatre demand\u00e9.<\/p>\n<\/div>\n<\/div>\n<\/div>\n<\/div>\n<div id=\"element25755258\" class=\" box-masonry\" data-id=\"25755258\">\n<div class=\"maincontainer txt \">\n<div class=\"content\">\n<div class=\"texte\">\n<h2><span style=\"color: #67db96;\"><strong>Finalit\u00e9s des\u00a0traitements<\/strong><\/span><\/h2>\n<\/div>\n<\/div>\n<\/div>\n<\/div>\n<p><!-- \/wp:heading --><!-- wp:paragraph --><\/p>\n<p>La collecte et le traitement des \u00ab\u00a0Donn\u00e9es Personnelles\u00a0\u00bb (telles que d\u00e9finies par les textes vis\u00e9s ci-apr\u00e8s) effectu\u00e9s \u00e0 partir du site\u00a0<a name=\"_Hlk520454692\"><\/a><a href=\"http:\/\/www.idmidcaps.com\/\">www.idmidcaps.com<\/a>\u00a0ou dans le cadre de nos relations commerciales et contractuelles, sont faits en application du r\u00e8glement g\u00e9n\u00e9ral sur la protection des donn\u00e9es (RGPD) et de la loi Informatique et Libert\u00e9s.<\/p>\n<h4><span style=\"color: #67db96;\"><strong>Donn\u00e9es personnelles collect\u00e9es<\/strong><\/span><\/h4>\n<p><!-- \/wp:paragraph --><!-- wp:paragraph --><\/p>\n<p><strong><u>Celles que vous communiquez \u00e0 FRANCE ACTIONNAIRE<\/u><\/strong><\/p>\n<p>FRANCE ACTIONNAIRE collecte les Donn\u00e9es Personnelles des internautes qui souhaitent :<\/p>\n<ul>\n<li>en savoir plus sur nos activit\u00e9s,<\/li>\n<li>Postuler aux offres d\u2019emploi mises en ligne sur le Site.<\/li>\n<\/ul>\n<p>Ce qui implique le traitement de Donn\u00e9es Personnelles comme pr\u00e9sent\u00e9 dans le tableau r\u00e9capitulatif ci-apr\u00e8s.<\/p>\n<p>FRANCE ACTIONNAIRE collecte \u00e9galement des Donn\u00e9es Personnelles dans le cadre de ses activit\u00e9s et en dehors du Site :<\/p>\n<ul>\n<li>aupr\u00e8s de ses clients,<\/li>\n<li>aupr\u00e8s de prospects,<\/li>\n<li>aupr\u00e8s d\u2019autres contacts professionnels.<\/li>\n<\/ul>\n<p><strong><u>Celles collect\u00e9es automatiquement sur le Site.<\/u><\/strong><\/p>\n<p>Certaines donn\u00e9es personnelles sont recueillies automatiquement, il s\u2019agit de\u00a0:<\/p>\n<ul>\n<li>L\u2019adresse IP de votre ordinateur ;<\/li>\n<li>Les informations relatives \u00e0 votre ordinateur, votre mode de connexion, tel que le type et la version de votre navigateur internet, votre syst\u00e8me d&rsquo;exploitation, l\u2019OS de votre mobile ou tablette, ainsi que l&rsquo;identifiant de p\u00e9riph\u00e9rique unique (\u00ab\u00a0UDID\u00a0\u00bb) et d&rsquo;autres identifiants techniques ;<\/li>\n<li>L\u2019adresse URL de vos connexions, y compris la date et l&rsquo;heure, ainsi que le contenu auquel vous acc\u00e9dez sur le Produit ou Service ;<\/li>\n<\/ul>\n<p>Nous pouvons utiliser ces donn\u00e9es \u00e0 des fins de s\u00e9curit\u00e9, notamment pour des cas d\u2019utilisation frauduleuse de codes d\u2019acc\u00e8s. Nous vous informons par ailleurs que nous pouvons \u00e9galement utiliser les donn\u00e9es collect\u00e9es automatiquement de mani\u00e8re agr\u00e9g\u00e9e pour des finalit\u00e9s diverses pour autant que lesdites donn\u00e9es ne permettent pas de vous identifier personnellement\u00a0: ces donn\u00e9es agr\u00e9g\u00e9es ne sont pas consid\u00e9r\u00e9es comme donn\u00e9es personnelles.<\/p>\n<h4><span style=\"color: #67db96;\"><strong>Utilisation des Donn\u00e9es Personnelles<\/strong><\/span><\/h4>\n<p><em>Acc\u00e8s aux donn\u00e9es personnelles.<\/em><\/p>\n<p>Peuvent avoir acc\u00e8s aux Donn\u00e9es Personnelles collect\u00e9es, dans la limite de leurs attributions respectives :<\/p>\n<ul>\n<li>Les personnes charg\u00e9es du service marketing et commercial, des services administratifs, des services informatiques et leurs responsables hi\u00e9rarchiques<\/li>\n<li>Les sous-traitants, dans le cadre d\u2019un contrat de sous-traitance, incluant des obligations de confidentialit\u00e9 et de s\u00e9curit\u00e9 et les autres obligations pr\u00e9vues par la r\u00e8glementation.<\/li>\n<\/ul>\n<p><strong><u>Communication pour des raisons d\u2019ordre juridique et l\u00e9gale<\/u><\/strong><\/p>\n<p>Les Donn\u00e9es Personnelles pourront \u00eatre divulgu\u00e9es \u00e0 un tiers si FRANCE ACTIONNAIRE y est contrainte par la loi, une disposition r\u00e9glementaire, ou une ordonnance judiciaire, ou encore si cette divulgation est rendue n\u00e9cessaire pour les besoins d\u2019une enqu\u00eate, injonction ou d\u2019une proc\u00e9dure judiciaire, sur le territoire national ou \u00e0 l\u2019\u00e9tranger.<\/p>\n<p>Les Donn\u00e9es Personnelles pourront \u00eatre divulgu\u00e9es \u00e0 des entreprises, des conseils ou des personnes tierces afin que FRANCE ACTIONNAIRE se pr\u00e9munisse contre toute atteinte aux droits, aux biens ou \u00e0 la s\u00e9curit\u00e9 de FRANCE ACTIONNAIRE.<\/p>\n<h4><span style=\"color: #67db96;\"><strong>S\u00e9curit\u00e9 des Donn\u00e9es Personnelles<\/strong><\/span><\/h4>\n<p>Des mesures de s\u00e9curit\u00e9 sont mises en \u0153uvre pour prot\u00e9ger les Donn\u00e9es Personnelles contre tout acc\u00e8s et toute divulgation, modification, endommagement ou destruction non autoris\u00e9s. Dans l\u2019hypoth\u00e8se o\u00f9 une faille de s\u00e9curit\u00e9 serait d\u00e9tect\u00e9e, les actions utiles seront prises.<\/p>\n<p>Les Donn\u00e9es Personnelles sont stock\u00e9es sur des serveurs situ\u00e9s dans l\u2019Union europ\u00e9enne.<\/p>\n<h4><span style=\"color: #67db96;\"><strong>Droits des internautes<\/strong><\/span><\/h4>\n<p>Les personnes concern\u00e9es par les Donn\u00e9es personnelles collect\u00e9es disposent des droits suivants\u00a0:<\/p>\n<ul>\n<li>D\u2019un droit d\u2019acc\u00e8s (savoir de quelles donn\u00e9es FRANCE ACTIONNAIRE dispose),<\/li>\n<li>D\u2019un droit de rectification (mettre \u00e0 jour ou corriger leurs donn\u00e9es),<\/li>\n<li>D\u2019un droit de suppression des Donn\u00e9es Personnelles,<\/li>\n<li>Droit d\u2019opposition \u00e0 la collecte et au traitement de tout ou partie de celles-ci.<\/li>\n<\/ul>\n<p>Pour en savoir plus sur l\u2019\u00e9tendue de vos droits, nous vous conseillons de consulter le site de la CNIL. Nous nous engageons\u00a0\u00e0 informer la CNIL et les personnes concern\u00e9es\u00a0<strong data-end=\"3328\" data-start=\"3306\">dans les 72 heures<\/strong>\u00a0en cas de violation de donn\u00e9es personnelles.<\/p>\n<h4><span style=\"color: #67db96;\"><strong>La protection des enfants<\/strong><\/span><\/h4>\n<p>FRANCE ACTIONNAIRE ne recueille pas sciemment de donn\u00e9es personnelles aupr\u00e8s d&rsquo;enfants \u00e2g\u00e9s de moins de 13 ans. FRANCE ACTIONNAIRE ne cible pas ses Produits ou Services pour les enfants de moins de 13 ans.<\/p>\n<div id=\"element25755238\" class=\" box-masonry\" data-id=\"25755238\">\n<div class=\"maincontainer txt \">\n<div class=\"content\">\n<div class=\"texte\">\n<h4 class=\"normal\"><span style=\"color: #67db96;\"><strong>Synth\u00e8se des traitements des donn\u00e9es personnelles collect\u00e9es sur le Site<\/strong><\/span><\/h4>\n<\/div>\n<\/div>\n<\/div>\n<\/div>\n<p><!-- \/wp:paragraph --><\/p>\t\t\t\t\t\t\t<\/div>\r\n\t\t\t\t\t\t\t\t<\/div>\n\t\t\t\t<\/div>\n\t\t\t\t<div class=\"elementor-element elementor-element-f23b104 flex-horizontal-align-default flex-horizontal-align-tablet-default flex-horizontal-align-mobile-default flex-vertical-align-default flex-vertical-align-tablet-default flex-vertical-align-mobile-default elementor-widget elementor-widget-image\" data-id=\"f23b104\" data-element_type=\"widget\" data-widget_type=\"image.default\">\n\t\t\t\t<div class=\"elementor-widget-container\">\n\t\t\t<style>\/*! elementor - v3.23.0 - 05-08-2024 *\/\n.elementor-widget-image{text-align:center}.elementor-widget-image a{display:inline-block}.elementor-widget-image a img[src$=\".svg\"]{width:48px}.elementor-widget-image img{vertical-align:middle;display:inline-block}<\/style>\t\t\t\t\t\t\t\t\t\t<img fetchpriority=\"high\" width=\"1024\" height=\"576\" src=\"https:\/\/www.idmidcaps.com\/corporate\/wp-content\/uploads\/2025\/10\/IDM-tableau-traitement-donnees-personnelles-1024x576.png\" class=\"attachment-large size-large wp-image-2288\" alt=\"\" srcset=\"https:\/\/www.idmidcaps.com\/corporate\/wp-content\/uploads\/2025\/10\/IDM-tableau-traitement-donnees-personnelles-1024x576.png 1024w, https:\/\/www.idmidcaps.com\/corporate\/wp-content\/uploads\/2025\/10\/IDM-tableau-traitement-donnees-personnelles-300x169.png 300w, https:\/\/www.idmidcaps.com\/corporate\/wp-content\/uploads\/2025\/10\/IDM-tableau-traitement-donnees-personnelles-768x432.png 768w, https:\/\/www.idmidcaps.com\/corporate\/wp-content\/uploads\/2025\/10\/IDM-tableau-traitement-donnees-personnelles-1536x864.png 1536w, https:\/\/www.idmidcaps.com\/corporate\/wp-content\/uploads\/2025\/10\/IDM-tableau-traitement-donnees-personnelles.png 1920w\" sizes=\"(max-width: 1024px) 100vw, 1024px\" \/>\t\t\t\t\t\t\t\t\t\t\t\t\t<\/div>\n\t\t\t\t<\/div>\n\t\t\t\t\t<\/div>\n\t\t\t\t<\/div>\n\t\t<div class=\"elementor-element elementor-element-c9cebd6 thegem-e-con-layout-thegem e-flex e-con-boxed e-con e-parent\" data-id=\"c9cebd6\" data-element_type=\"container\" data-settings=\"{&quot;thegem_container_layout&quot;:&quot;thegem&quot;}\">\r\n\t\t\t\t\t<div class=\"e-con-inner\">\r\n\t\t\t\t<div class=\"elementor-element elementor-element-0eca62a flex-horizontal-align-default flex-horizontal-align-tablet-default flex-horizontal-align-mobile-default flex-vertical-align-default flex-vertical-align-tablet-default flex-vertical-align-mobile-default elementor-widget elementor-widget-text-editor\" data-id=\"0eca62a\" data-element_type=\"widget\" data-widget_type=\"text-editor.default\">\n\t\t\t\t<div class=\"elementor-widget-container\">\n\t\t\t\t\t\t\t\t\t\t<div class=\"elementor-text-editor elementor-clearfix\">\r\n\t\t\t\t\t\t<h2><span style=\"color: #67db96;\">Utilisation des cookies\u00a0<\/span><\/h2>\n<p>Un \u00ab cookie \u00bb (ou \u00ab traceur \u00bb) est un t\u00e9moin de connexion qui d\u00e9signe un fichier texte susceptible d&rsquo;\u00eatre enregistr\u00e9 dans un espace d\u00e9di\u00e9 du disque dur de votre terminal (ordinateur, tablette, ou smartphone), \u00e0 l&rsquo;occasion de la consultation d&rsquo;un service accessible en ligne. Un cookie permet \u00e0 son \u00e9metteur d&rsquo;identifier le terminal dans lequel il est enregistr\u00e9, pendant la dur\u00e9e de validit\u00e9 ou d&rsquo;enregistrement du cookie. Le cookie ne permet donc pas de vous identifier en tant que tel ; il sert \u00e0 enregistrer vos informations de navigation sur le site.<\/p>\n<p>Lors de vos visites sur le site, des informations relatives \u00e0 votre navigation sont susceptibles d&rsquo;\u00eatre enregistr\u00e9es dans des fichiers \u00ab\u00a0Cookies\u00a0\u00bb install\u00e9s sur votre terminal, sous r\u00e9serve des choix que vous aurez exprim\u00e9s concernant les cookies et que vous pouvez modifier \u00e0 tout moment. Ces cookies permettent une navigation personnalis\u00e9e de l\u2019Utilisateur et sont \u00e9galement utilis\u00e9s \u00e0 des fins analytiques (mesures d\u2019audience).<\/p>\n<p>Le site internet de FRANCE ACTIONNAIRE utilise un cookie qui g\u00e8re la langue. Son unique objectif est d&rsquo;enregistrer la langue de pr\u00e9f\u00e9rence de l&rsquo;utilisateur afin de lui afficher tout le temps les pages dans la m\u00eame langue durant sa navigation.\u00a0<\/p>\n<p><span style=\"background: #67db96;\">Vous serez averti de l\u2019existence des cookies et de leur(s) finalit\u00e9(s) d\u00e8s votre connexion au site, par la pr\u00e9sence d\u2019un bandeau d\u2019information plac\u00e9 en bas ou en haut de la page d\u2019accueil.<\/span><\/p>\n<p>Le d\u00e9p\u00f4t et la lecture des cookies sur votre terminal n\u00e9cessitent votre consentement pr\u00e9alable, en cliquant sur \u00ab J\u2019accepte \u00bb. Vous pouvez toutefois configurer votre navigateur pour refuser les cookies ou personnaliser les param\u00e8tres des cookies en cliquant sur un lien \u00ab En savoir plus \u00bb. Si vous acceptez l\u2019utilisation de cookies, votre accord aura une dur\u00e9e de validit\u00e9 de 13 mois. Il sera alors n\u00e9cessaire de renouveler votre accord \u00e0 l\u2019expiration de cette dur\u00e9e.<\/p>\n<p>En cas de refus des cookies, ou si vous supprimez ceux qui y sont enregistr\u00e9s, nous vous informons que vous ne pourrez plus b\u00e9n\u00e9ficier d&rsquo;un certain nombre de fonctionnalit\u00e9s qui sont n\u00e9anmoins n\u00e9cessaires pour naviguer dans certains espaces du site. Le cas \u00e9ch\u00e9ant, nous d\u00e9clinons toute responsabilit\u00e9 pour les cons\u00e9quences li\u00e9es au fonctionnement d\u00e9grad\u00e9 de nos services r\u00e9sultant de l&rsquo;impossibilit\u00e9 pour nous d&rsquo;enregistrer ou de consulter les cookies n\u00e9cessaires \u00e0 leur fonctionnement et que vous auriez refus\u00e9s ou supprim\u00e9s.<\/p>\n<h2><span style=\"color: #67db96;\">\u00c9volutions et mises \u00e0 jour<\/span><\/h2>\n<div id=\"element25755251\" class=\" box-masonry\" data-id=\"25755251\">\n<div class=\"maincontainer txt \">\n<div class=\"content\">\n<div class=\"texte\">Nous attirons votre attention sur le fait que cette Politique de confidentialit\u00e9 est susceptible de subir des modifications. Nous vous invitons donc \u00e0 consulter r\u00e9guli\u00e8rement la derni\u00e8re version en ligne et nous vous informerons via le site internet ou par les autres voies de communication des \u00e9volutions.<\/div>\n<\/div>\n<\/div>\n<\/div>\t\t\t\t\t\t\t<\/div>\r\n\t\t\t\t\t\t\t\t<\/div>\n\t\t\t\t<\/div>\n\t\t\t\t\t<\/div>\n\t\t\t\t<\/div>\n\t\t\t\t<\/div>\n\t\t","protected":false},"excerpt":{"rendered":"<p>Notre politique de confidentialit\u00e9 Responsable du traitement France ACTIONNAIRE est responsable du traitement des donn\u00e9es personnelles des utilisateurs et clients&#8230;<\/p>\n","protected":false},"author":1,"featured_media":0,"parent":0,"menu_order":0,"comment_status":"closed","ping_status":"open","template":"","meta":{"footnotes":""},"class_list":["post-3","page","type-page","status-publish"],"_links":{"self":[{"href":"https:\/\/www.idmidcaps.com\/corporate\/wp-json\/wp\/v2\/pages\/3","targetHints":{"allow":["GET"]}}],"collection":[{"href":"https:\/\/www.idmidcaps.com\/corporate\/wp-json\/wp\/v2\/pages"}],"about":[{"href":"https:\/\/www.idmidcaps.com\/corporate\/wp-json\/wp\/v2\/types\/page"}],"author":[{"embeddable":true,"href":"https:\/\/www.idmidcaps.com\/corporate\/wp-json\/wp\/v2\/users\/1"}],"replies":[{"embeddable":true,"href":"https:\/\/www.idmidcaps.com\/corporate\/wp-json\/wp\/v2\/comments?post=3"}],"version-history":[{"count":13,"href":"https:\/\/www.idmidcaps.com\/corporate\/wp-json\/wp\/v2\/pages\/3\/revisions"}],"predecessor-version":[{"id":31242,"href":"https:\/\/www.idmidcaps.com\/corporate\/wp-json\/wp\/v2\/pages\/3\/revisions\/31242"}],"wp:attachment":[{"href":"https:\/\/www.idmidcaps.com\/corporate\/wp-json\/wp\/v2\/media?parent=3"}],"curies":[{"name":"wp","href":"https:\/\/api.w.org\/{rel}","templated":true}]}}