{"id":470,"date":"2019-07-20T00:33:50","date_gmt":"2019-07-20T00:33:50","guid":{"rendered":"https:\/\/democontent.codex-themes.com\/sites-elementor-v5\/agency-media\/?page_id=470"},"modified":"2025-10-23T12:35:37","modified_gmt":"2025-10-23T10:35:37","slug":"contact","status":"publish","type":"page","link":"https:\/\/www.idmidcaps.com\/corporate\/contact\/","title":{"rendered":"Contact"},"content":{"rendered":"\t\t<div data-elementor-type=\"wp-page\" data-elementor-id=\"470\" class=\"elementor elementor-470\">\n\t\t\t\t\t\t<section class=\"elementor-section elementor-top-section elementor-element elementor-element-30e82e0b elementor-section-content-middle elementor-section-boxed elementor-section-height-default elementor-section-height-default\" data-id=\"30e82e0b\" data-element_type=\"section\">\r\n\t\t\t\t\t\t<div class=\"elementor-container elementor-column-gap-thegem\"><div class=\"elementor-row\">\r\n\t\t\t\t\t<div class=\"elementor-column elementor-col-50 elementor-top-column elementor-element elementor-element-17c67512\" data-id=\"17c67512\" data-element_type=\"column\">\n\t\t\t<div class=\"elementor-widget-wrap elementor-element-populated\">\n\t\t\t\t\t\t<div class=\"elementor-element elementor-element-3f9daefe flex-horizontal-align-default flex-horizontal-align-tablet-default flex-horizontal-align-mobile-default flex-vertical-align-default flex-vertical-align-tablet-default flex-vertical-align-mobile-default elementor-widget elementor-widget-thegem-animated-heading\" data-id=\"3f9daefe\" data-element_type=\"widget\" data-widget_type=\"thegem-animated-heading.default\">\n\t\t\t\t<div class=\"elementor-widget-container\">\n\t\t\t<div class=\"thegem-heading thegem-animated-heading title-h1\" id=\"thegem-heading-3f9daefe\"><span class=\"colored\" style=\"color: #1F1F1F;\">Contactez-nous<\/span> <\/div><style type=\"text\/css\">#thegem-heading-3f9daefe {margin: 0;}<\/style>\t\t<\/div>\n\t\t\t\t<\/div>\n\t\t\t\t<div class=\"elementor-element elementor-element-7128341b elementor-widget__width-initial elementor-widget-mobile__width-inherit flex-horizontal-align-default flex-horizontal-align-tablet-default flex-horizontal-align-mobile-default flex-vertical-align-default flex-vertical-align-tablet-default flex-vertical-align-mobile-default elementor-widget elementor-widget-thegem-animated-heading\" data-id=\"7128341b\" data-element_type=\"widget\" data-widget_type=\"thegem-animated-heading.default\">\n\t\t\t\t<div class=\"elementor-widget-container\">\n\t\t\t<div class=\"thegem-heading thegem-animated-heading styled-subtitle\" id=\"thegem-heading-7128341b\"><span class=\"colored\" style=\"color: #1F1F1F;\">Vous avez des questions ? Vous \u00eates int\u00e9ress\u00e9s ? N&#039;h\u00e9sitez pas \u00e0 nous contacter.<\/span> <\/div><style type=\"text\/css\">#thegem-heading-7128341b {margin: 0;}<\/style>\t\t<\/div>\n\t\t\t\t<\/div>\n\t\t\t\t<div class=\"elementor-element elementor-element-cc79ca2 flex-horizontal-align-default flex-horizontal-align-tablet-default flex-horizontal-align-mobile-default flex-vertical-align-default flex-vertical-align-tablet-default flex-vertical-align-mobile-default elementor-widget elementor-widget-google_maps\" data-id=\"cc79ca2\" data-element_type=\"widget\" data-widget_type=\"google_maps.default\">\n\t\t\t\t<div class=\"elementor-widget-container\">\n\t\t\t<style>\/*! elementor - v3.23.0 - 05-08-2024 *\/\n.elementor-widget-google_maps .elementor-widget-container{overflow:hidden}.elementor-widget-google_maps .elementor-custom-embed{line-height:0}.elementor-widget-google_maps iframe{height:300px}<\/style>\t\t<div class=\"elementor-custom-embed\">\n\t\t\t<iframe loading=\"lazy\"\n\t\t\t\t\tsrc=\"https:\/\/maps.google.com\/maps?q=83%20Boulevard%20Malesherbes%2075008%20Paris&#038;t=m&#038;z=13&#038;output=embed&#038;iwloc=near\"\n\t\t\t\t\ttitle=\"83 Boulevard Malesherbes 75008 Paris\"\n\t\t\t\t\taria-label=\"83 Boulevard Malesherbes 75008 Paris\"\n\t\t\t><\/iframe>\n\t\t<\/div>\n\t\t\t\t<\/div>\n\t\t\t\t<\/div>\n\t\t\t\t\t<\/div>\n\t\t<\/div>\n\t\t\t\t<div class=\"elementor-column elementor-col-50 elementor-top-column elementor-element elementor-element-3ec6afe7\" data-id=\"3ec6afe7\" data-element_type=\"column\">\n\t\t\t<div class=\"elementor-widget-wrap elementor-element-populated\">\n\t\t\t\t\t\t<div class=\"elementor-element elementor-element-5bc521d5 elementor-absolute flex-horizontal-align-default flex-horizontal-align-tablet-default flex-horizontal-align-mobile-default flex-vertical-align-default flex-vertical-align-tablet-default flex-vertical-align-mobile-default elementor-widget elementor-widget-thegem-styledimage\" data-id=\"5bc521d5\" data-element_type=\"widget\" data-settings=\"{&quot;image&quot;:{&quot;url&quot;:&quot;&quot;,&quot;id&quot;:&quot;&quot;,&quot;size&quot;:&quot;&quot;,&quot;alt&quot;:&quot;&quot;,&quot;source&quot;:&quot;library&quot;},&quot;_position&quot;:&quot;absolute&quot;,&quot;thegem_elementor_preset&quot;:&quot;default&quot;,&quot;image_position&quot;:&quot;left&quot;}\" data-widget_type=\"thegem-styledimage.default\">\n\t\t\t\t<div class=\"elementor-widget-container\">\n\t\t\t\n<div class=\"styled-image-wrapper\">\n\t\t\t<div class=\"gem-image gem-wrapbox gem-wrapbox-default gem-wrapbox-position-left  \">\n\t\t\t<div class=\"gem-wrapbox-inner \" >\n\t\t\t\t\t\t\t\t\t<img class=\"gem-wrapbox-element img-responsive \"\n\t\t\t\t\t\t src=\"\"\n\t\t\t\t\t\t alt=\"\">\n\t\t\t\t\t\t\t\t<\/div>\n\t\t<\/div>\n\t\t<\/div>\n\n\n\t\n\t\t\t\t<\/div>\n\t\t\t\t<\/div>\n\t\t\t\t<section class=\"elementor-section elementor-inner-section elementor-element elementor-element-4554fc0f elementor-section-content-middle elementor-section-boxed elementor-section-height-default elementor-section-height-default\" data-id=\"4554fc0f\" data-element_type=\"section\">\r\n\t\t\t\t\t\t<div class=\"elementor-container elementor-column-gap-thegem\"><div class=\"elementor-row\">\r\n\t\t\t\t\t<div class=\"elementor-column elementor-col-50 elementor-inner-column elementor-element elementor-element-474c9c33\" data-id=\"474c9c33\" data-element_type=\"column\">\n\t\t\t<div class=\"elementor-widget-wrap elementor-element-populated\">\n\t\t\t\t\t\t<div class=\"elementor-element elementor-element-b2a2229 flex-horizontal-align-default flex-horizontal-align-tablet-default flex-horizontal-align-mobile-default flex-vertical-align-default flex-vertical-align-tablet-default flex-vertical-align-mobile-default elementor-widget elementor-widget-heading\" data-id=\"b2a2229\" data-element_type=\"widget\" data-widget_type=\"heading.default\">\n\t\t\t\t<div class=\"elementor-widget-container\">\n\t\t\t<style>\/*! elementor - v3.23.0 - 05-08-2024 *\/\n.elementor-heading-title{padding:0;margin:0;line-height:1}.elementor-widget-heading .elementor-heading-title[class*=elementor-size-]>a{color:inherit;font-size:inherit;line-height:inherit}.elementor-widget-heading .elementor-heading-title.elementor-size-small{font-size:15px}.elementor-widget-heading .elementor-heading-title.elementor-size-medium{font-size:19px}.elementor-widget-heading .elementor-heading-title.elementor-size-large{font-size:29px}.elementor-widget-heading .elementor-heading-title.elementor-size-xl{font-size:39px}.elementor-widget-heading .elementor-heading-title.elementor-size-xxl{font-size:59px}<\/style><h5 class=\"elementor-heading-title elementor-size-default\">Relation clients & partenariats<\/h5>\t\t<\/div>\n\t\t\t\t<\/div>\n\t\t\t\t<div class=\"elementor-element elementor-element-96851 elementor-widget-tablet__width-inherit flex-horizontal-align-default flex-horizontal-align-tablet-default flex-horizontal-align-mobile-default flex-vertical-align-default flex-vertical-align-tablet-default flex-vertical-align-mobile-default elementor-widget elementor-widget-thegem-team\" data-id=\"96851\" data-element_type=\"widget\" data-settings=\"{&quot;thegem_elementor_preset&quot;:&quot;3&quot;,&quot;columns&quot;:&quot;1&quot;,&quot;columns_tablet&quot;:&quot;1&quot;,&quot;content_team_cat&quot;:[&quot;contact-commercial&quot;],&quot;skin_source&quot;:&quot;default&quot;,&quot;columns_mobile&quot;:1,&quot;items_count&quot;:-1,&quot;content_elems_img&quot;:&quot;yes&quot;,&quot;content_elems_name&quot;:&quot;yes&quot;,&quot;content_elems_position&quot;:&quot;yes&quot;,&quot;content_elems_phone&quot;:&quot;yes&quot;,&quot;content_elems_email&quot;:&quot;yes&quot;,&quot;content_elems_social&quot;:&quot;yes&quot;}\" data-widget_type=\"thegem-team.default\">\n\t\t\t\t<div class=\"elementor-widget-container\">\n\t\t\t\r\n\t\t\t<div class=\"row gem-team gem-team-style-3 \" >\r\n\r\n\t\t\t\t<div class=\"col-md-12 col-sm-12 col-xs-12 thegem-wrap inline-column\">\r\n\r\n\t<div id=\"post-31098\" class=\"team-person centered-box bordered-box post-31098 thegem_team_person type-thegem_team_person status-publish has-post-thumbnail\" >\r\n\r\n\t\t\t\t\t\t\t<div class=\"team-person-image\">\r\n\t\t\t\t\t<span>\t\t<picture>\n\t\t\t\t\t\t\t\t\t\t\t<source srcset=\"https:\/\/www.idmidcaps.com\/corporate\/wp-content\/uploads\/2019\/07\/JD-2-thegem-person-240.png 1x\"   sizes=\"100vw\">\n\t\t\t\t\t\t\t<img fetchpriority=\"high\" src=\"https:\/\/www.idmidcaps.com\/corporate\/wp-content\/uploads\/2019\/07\/JD-2-thegem-person-240.png\" width=\"240\" height=\"240\"  class=\"img-responsive\" alt=\"JD-2\" \/>\n\t\t<\/picture>\n\t\t<\/span>\t\t\t\t<\/div>\r\n\t\t\t\r\n\t\t\t<div class=\"team-person-info\">\r\n\r\n\t\t\t\t\t\t\t\t\t<div class=\"team-person-name styled-subtitle\">Jean-Damien CH\u00c2TELAIN<\/div>\t\t\t\t\r\n\t\t\t\t\t\t\t\t\t<div class=\"team-person-position date-color\">Associ\u00e9<\/div>\t\t\t\t\r\n\t\t\t\t\r\n\t\t\t\t\t\t\t\t\t<div class=\"gem-styled-color-1\">\r\n\t\t\t\t\t\t<div class=\"team-person-phone title-h5\">\r\n\t\t\t\t\t\t\t<a href=\"tel:+33(0)1%2080%2048%2080%2015\">+33(0)1 80 48 80 15<\/a>\r\n\t\t\t\t\t\t<\/div>\r\n\t\t\t\t\t<\/div>\r\n\t\t\t\t\r\n\t\t\t\t\t\t\t\t\t<div class=\"socials team-person-socials socials-colored-hover\"><a style=\"color: #1F1F1F\" title=\"LinkedIn\" target=\"_blank\" href=\"https:\/\/www.linkedin.com\/in\/jeandamienchatelain\/\" class=\"socials-item\"><i class=\"socials-item-icon social-item-rounded linkedin\"><\/i><\/a><\/div>\r\n\t\t\t\t\r\n\t\t\t<\/div>\r\n\r\n\t\t\t\t\t\t\t<div class=\"team-person-email\">\r\n\t\t\t\t\t\t\t\t\t\t\t<a href=\"mailto:jdchatelain@idmidcaps.com\"><\/a>\r\n\t\t\t\t\t\t\t\t\t<\/div>\r\n\t\t\t\r\n\t\t\t\r\n\t<\/div>\r\n<\/div>\r\n\t\t\t<\/div>\r\n\r\n\t\t\t\t<\/div>\n\t\t\t\t<\/div>\n\t\t\t\t\t<\/div>\n\t\t<\/div>\n\t\t\t\t<div class=\"elementor-column elementor-col-50 elementor-inner-column elementor-element elementor-element-61554446\" data-id=\"61554446\" data-element_type=\"column\">\n\t\t\t<div class=\"elementor-widget-wrap elementor-element-populated\">\n\t\t\t\t\t\t<div class=\"elementor-element elementor-element-0d7ab74 flex-horizontal-align-default flex-horizontal-align-tablet-default flex-horizontal-align-mobile-default flex-vertical-align-default flex-vertical-align-tablet-default flex-vertical-align-mobile-default elementor-widget elementor-widget-heading\" data-id=\"0d7ab74\" data-element_type=\"widget\" data-widget_type=\"heading.default\">\n\t\t\t\t<div class=\"elementor-widget-container\">\n\t\t\t<h5 class=\"elementor-heading-title elementor-size-default\">Votre contact IDMidCaps<\/h5>\t\t<\/div>\n\t\t\t\t<\/div>\n\t\t\t\t<div class=\"elementor-element elementor-element-535f43e5 elementor-widget-tablet__width-inherit flex-horizontal-align-default flex-horizontal-align-tablet-default flex-horizontal-align-mobile-default flex-vertical-align-default flex-vertical-align-tablet-default flex-vertical-align-mobile-default elementor-widget elementor-widget-thegem-team\" data-id=\"535f43e5\" data-element_type=\"widget\" data-settings=\"{&quot;thegem_elementor_preset&quot;:&quot;3&quot;,&quot;columns&quot;:&quot;1&quot;,&quot;columns_tablet&quot;:&quot;1&quot;,&quot;content_team_cat&quot;:[&quot;contact-analyse&quot;],&quot;items_count&quot;:1,&quot;skin_source&quot;:&quot;default&quot;,&quot;columns_mobile&quot;:1,&quot;content_elems_img&quot;:&quot;yes&quot;,&quot;content_elems_name&quot;:&quot;yes&quot;,&quot;content_elems_position&quot;:&quot;yes&quot;,&quot;content_elems_phone&quot;:&quot;yes&quot;,&quot;content_elems_email&quot;:&quot;yes&quot;,&quot;content_elems_social&quot;:&quot;yes&quot;}\" data-widget_type=\"thegem-team.default\">\n\t\t\t\t<div class=\"elementor-widget-container\">\n\t\t\t\r\n\t\t\t<div class=\"row gem-team gem-team-style-3 \" >\r\n\r\n\t\t\t\t<div class=\"col-md-12 col-sm-12 col-xs-12 w-link thegem-wrap inline-column\">\r\n\r\n\t<div id=\"post-250\" class=\"team-person centered-box bordered-box post-250 thegem_team_person type-thegem_team_person status-publish has-post-thumbnail\" >\r\n\r\n\t\t\t\t\t\t\t<div class=\"team-person-image\">\r\n\t\t\t\t\t<span>\t\t<picture>\n\t\t\t\t\t\t\t\t\t\t\t<source srcset=\"https:\/\/www.idmidcaps.com\/corporate\/wp-content\/uploads\/2019\/07\/Denis-thegem-person-240.png 1x\"   sizes=\"100vw\">\n\t\t\t\t\t\t\t<img src=\"https:\/\/www.idmidcaps.com\/corporate\/wp-content\/uploads\/2019\/07\/Denis-thegem-person-240.png\" width=\"240\" height=\"240\"  class=\"img-responsive\" alt=\"Denis\" \/>\n\t\t<\/picture>\n\t\t<\/span>\t\t\t\t<\/div>\r\n\t\t\t\r\n\t\t\t<div class=\"team-person-info\">\r\n\r\n\t\t\t\t\t\t\t\t\t<div class=\"team-person-name styled-subtitle\">Denis SCHERRER<\/div>\t\t\t\t\r\n\t\t\t\t\t\t\t\t\t<div class=\"team-person-position date-color\">Pr\u00e9sident - Associ\u00e9<\/div>\t\t\t\t\r\n\t\t\t\t\r\n\t\t\t\t\t\t\t\t\t<div class=\"gem-styled-color-1\">\r\n\t\t\t\t\t\t<div class=\"team-person-phone title-h5\">\r\n\t\t\t\t\t\t\t<a href=\"tel:+33%20(0)1%2080%2048%2080%2011\">+33 (0)1 80 48 80 11<\/a>\r\n\t\t\t\t\t\t<\/div>\r\n\t\t\t\t\t<\/div>\r\n\t\t\t\t\r\n\t\t\t\t\t\t\t\t\t<div class=\"socials team-person-socials socials-colored-hover\"><a style=\"color: #1F1F1F\" title=\"LinkedIn\" target=\"_blank\" href=\"https:\/\/www.linkedin.com\/in\/denis-scherrer-434ba327\/\" class=\"socials-item\"><i class=\"socials-item-icon social-item-rounded linkedin\"><\/i><\/a><\/div>\r\n\t\t\t\t\r\n\t\t\t<\/div>\r\n\r\n\t\t\t\t\t\t\t<div class=\"team-person-email\">\r\n\t\t\t\t\t\t\t\t\t\t\t<a href=\"mailto:dscherrer@idmidcaps.com\"><\/a>\r\n\t\t\t\t\t\t\t\t\t<\/div>\r\n\t\t\t\r\n\t\t\t\t\t\t\t<a class=\"team-person-link\" href=\"https:\/\/www.linkedin.com\/in\/denis-scherrer-434ba327\/\" target=\"_self\"><\/a>\t\t\t\r\n\t<\/div>\r\n<\/div>\r\n\t\t\t<\/div>\r\n\r\n\t\t\t\t<\/div>\n\t\t\t\t<\/div>\n\t\t\t\t<div class=\"elementor-element elementor-element-f88e71a flex-horizontal-align-default flex-horizontal-align-tablet-default flex-horizontal-align-mobile-default flex-vertical-align-default flex-vertical-align-tablet-default flex-vertical-align-mobile-default elementor-widget elementor-widget-heading\" data-id=\"f88e71a\" data-element_type=\"widget\" data-widget_type=\"heading.default\">\n\t\t\t\t<div class=\"elementor-widget-container\">\n\t\t\t<h5 class=\"elementor-heading-title elementor-size-default\">Votre contact\nIDImpact<\/h5>\t\t<\/div>\n\t\t\t\t<\/div>\n\t\t\t\t<div class=\"elementor-element elementor-element-300225b elementor-widget-tablet__width-inherit flex-horizontal-align-default flex-horizontal-align-tablet-default flex-horizontal-align-mobile-default flex-vertical-align-default flex-vertical-align-tablet-default flex-vertical-align-mobile-default elementor-widget elementor-widget-thegem-team\" data-id=\"300225b\" data-element_type=\"widget\" data-settings=\"{&quot;thegem_elementor_preset&quot;:&quot;3&quot;,&quot;columns&quot;:&quot;1&quot;,&quot;columns_tablet&quot;:&quot;1&quot;,&quot;content_team_cat&quot;:[&quot;contact-esg&quot;],&quot;items_count&quot;:1,&quot;skin_source&quot;:&quot;default&quot;,&quot;columns_mobile&quot;:1,&quot;content_elems_img&quot;:&quot;yes&quot;,&quot;content_elems_name&quot;:&quot;yes&quot;,&quot;content_elems_position&quot;:&quot;yes&quot;,&quot;content_elems_phone&quot;:&quot;yes&quot;,&quot;content_elems_email&quot;:&quot;yes&quot;,&quot;content_elems_social&quot;:&quot;yes&quot;}\" data-widget_type=\"thegem-team.default\">\n\t\t\t\t<div class=\"elementor-widget-container\">\n\t\t\t\r\n\t\t\t<div class=\"row gem-team gem-team-style-3 \" >\r\n\r\n\t\t\t\t<div class=\"col-md-12 col-sm-12 col-xs-12 w-link thegem-wrap inline-column\">\r\n\r\n\t<div id=\"post-252\" class=\"team-person centered-box bordered-box post-252 thegem_team_person type-thegem_team_person status-publish has-post-thumbnail\" >\r\n\r\n\t\t\t\t\t\t\t<div class=\"team-person-image\">\r\n\t\t\t\t\t<span>\t\t<picture>\n\t\t\t\t\t\t\t\t\t\t\t<source srcset=\"https:\/\/www.idmidcaps.com\/corporate\/wp-content\/uploads\/2019\/07\/Robin-thegem-person-240.png 1x\"   sizes=\"100vw\">\n\t\t\t\t\t\t\t<img src=\"https:\/\/www.idmidcaps.com\/corporate\/wp-content\/uploads\/2019\/07\/Robin-thegem-person-240.png\" width=\"240\" height=\"240\"  class=\"img-responsive\" alt=\"Robin\" \/>\n\t\t<\/picture>\n\t\t<\/span>\t\t\t\t<\/div>\r\n\t\t\t\r\n\t\t\t<div class=\"team-person-info\">\r\n\r\n\t\t\t\t\t\t\t\t\t<div class=\"team-person-name styled-subtitle\">Robin LECLERC<\/div>\t\t\t\t\r\n\t\t\t\t\t\t\t\t\t<div class=\"team-person-position date-color\">Analyste Financier - Associ\u00e9<\/div>\t\t\t\t\r\n\t\t\t\t\r\n\t\t\t\t\t\t\t\t\t<div class=\"gem-styled-color-1\">\r\n\t\t\t\t\t\t<div class=\"team-person-phone title-h5\">\r\n\t\t\t\t\t\t\t<a href=\"tel:+33%20(0)1%2080%2048%2080%2039\">+33 (0)1 80 48 80 39<\/a>\r\n\t\t\t\t\t\t<\/div>\r\n\t\t\t\t\t<\/div>\r\n\t\t\t\t\r\n\t\t\t\t\t\t\t\t\t<div class=\"socials team-person-socials socials-colored-hover\"><a style=\"color: #1F1F1F\" title=\"LinkedIn\" target=\"_blank\" href=\"https:\/\/www.linkedin.com\/in\/robin-leclerc-b4a0a14b\/\" class=\"socials-item\"><i class=\"socials-item-icon social-item-rounded linkedin\"><\/i><\/a><\/div>\r\n\t\t\t\t\r\n\t\t\t<\/div>\r\n\r\n\t\t\t\t\t\t\t<div class=\"team-person-email\">\r\n\t\t\t\t\t\t\t\t\t\t\t<a href=\"mailto:rleclerc@idmidcaps.com\"><\/a>\r\n\t\t\t\t\t\t\t\t\t<\/div>\r\n\t\t\t\r\n\t\t\t\t\t\t\t<a class=\"team-person-link\" href=\"https:\/\/www.linkedin.com\/in\/robin-leclerc-b4a0a14b\/\" target=\"_self\"><\/a>\t\t\t\r\n\t<\/div>\r\n<\/div>\r\n\t\t\t<\/div>\r\n\r\n\t\t\t\t<\/div>\n\t\t\t\t<\/div>\n\t\t\t\t\t<\/div>\n\t\t<\/div>\n\t\t\t\t\t<\/div><\/div>\r\n\t\t<\/section>\r\n\t\t\t\t\t<\/div>\n\t\t<\/div>\n\t\t\t\t\t<\/div><\/div>\r\n\t\t<\/section>\r\n\t\t\t\t<\/div>\n\t\t","protected":false},"excerpt":{"rendered":"<p>Contactez-nous Vous avez des questions ? Vous \u00eates int\u00e9ress\u00e9s ? N&#039;h\u00e9sitez pas \u00e0 nous contacter. Relation clients &#038; partenariats Jean-Damien&#8230;<\/p>\n","protected":false},"author":1,"featured_media":0,"parent":0,"menu_order":0,"comment_status":"closed","ping_status":"closed","template":"page-fullwidth.php","meta":{"footnotes":""},"class_list":["post-470","page","type-page","status-publish"],"_links":{"self":[{"href":"https:\/\/www.idmidcaps.com\/corporate\/wp-json\/wp\/v2\/pages\/470","targetHints":{"allow":["GET"]}}],"collection":[{"href":"https:\/\/www.idmidcaps.com\/corporate\/wp-json\/wp\/v2\/pages"}],"about":[{"href":"https:\/\/www.idmidcaps.com\/corporate\/wp-json\/wp\/v2\/types\/page"}],"author":[{"embeddable":true,"href":"https:\/\/www.idmidcaps.com\/corporate\/wp-json\/wp\/v2\/users\/1"}],"replies":[{"embeddable":true,"href":"https:\/\/www.idmidcaps.com\/corporate\/wp-json\/wp\/v2\/comments?post=470"}],"version-history":[{"count":35,"href":"https:\/\/www.idmidcaps.com\/corporate\/wp-json\/wp\/v2\/pages\/470\/revisions"}],"predecessor-version":[{"id":31444,"href":"https:\/\/www.idmidcaps.com\/corporate\/wp-json\/wp\/v2\/pages\/470\/revisions\/31444"}],"wp:attachment":[{"href":"https:\/\/www.idmidcaps.com\/corporate\/wp-json\/wp\/v2\/media?parent=470"}],"curies":[{"name":"wp","href":"https:\/\/api.w.org\/{rel}","templated":true}]}}